{"id":197,"date":"2023-02-17T08:19:53","date_gmt":"2023-02-17T11:19:53","guid":{"rendered":"https:\/\/clinicakodama.com.br\/novo\/?page_id=197"},"modified":"2023-03-07T09:45:17","modified_gmt":"2023-03-07T12:45:17","slug":"dietas","status":"publish","type":"page","link":"https:\/\/clinicakodama.com.br\/novo\/doencas-atendidas\/dietas\/","title":{"rendered":"Dietas"},"content":{"rendered":"\t\t<div data-elementor-type=\"wp-page\" data-elementor-id=\"197\" class=\"elementor elementor-197\">\n\t\t\t\t\t\t<section class=\"elementor-section elementor-top-section elementor-element elementor-element-650248e elementor-section-height-min-height elementor-section-boxed elementor-section-height-default elementor-section-items-middle\" data-id=\"650248e\" data-element_type=\"section\" data-e-type=\"section\" data-settings=\"{&quot;background_background&quot;:&quot;classic&quot;}\">\n\t\t\t\t\t\t<div class=\"elementor-container elementor-column-gap-default\">\n\t\t\t\t\t<div class=\"elementor-column elementor-col-50 elementor-top-column elementor-element elementor-element-e9a35f3\" data-id=\"e9a35f3\" data-element_type=\"column\" data-e-type=\"column\">\n\t\t\t<div class=\"elementor-widget-wrap elementor-element-populated\">\n\t\t\t\t\t\t<div class=\"elementor-element elementor-element-30b69b7 elementor-widget elementor-widget-heading\" data-id=\"30b69b7\" data-element_type=\"widget\" data-e-type=\"widget\" data-widget_type=\"heading.default\">\n\t\t\t\t<div class=\"elementor-widget-container\">\n\t\t\t\t\t<h5 class=\"elementor-heading-title elementor-size-default\"><a href=\"https:\/\/clinicakodama.com.br\/novo\/doencas-atendidas\/\">\u00bb Doen\u00e7as Atendidas<\/a><\/h5>\t\t\t\t<\/div>\n\t\t\t\t<\/div>\n\t\t\t\t\t<\/div>\n\t\t<\/div>\n\t\t\t\t<div class=\"elementor-column elementor-col-50 elementor-top-column elementor-element elementor-element-4531db3\" data-id=\"4531db3\" data-element_type=\"column\" data-e-type=\"column\">\n\t\t\t<div class=\"elementor-widget-wrap elementor-element-populated\">\n\t\t\t\t\t\t<div class=\"elementor-element elementor-element-44a9dc6 elementor-widget elementor-widget-heading\" data-id=\"44a9dc6\" data-element_type=\"widget\" data-e-type=\"widget\" data-widget_type=\"heading.default\">\n\t\t\t\t<div class=\"elementor-widget-container\">\n\t\t\t\t\t<h2 class=\"elementor-heading-title elementor-size-default\">Dietas<\/h2>\t\t\t\t<\/div>\n\t\t\t\t<\/div>\n\t\t\t\t\t<\/div>\n\t\t<\/div>\n\t\t\t\t\t<\/div>\n\t\t<\/section>\n\t\t\t\t<section class=\"elementor-section elementor-top-section elementor-element elementor-element-7edb1fa elementor-section-boxed elementor-section-height-default elementor-section-height-default\" data-id=\"7edb1fa\" data-element_type=\"section\" data-e-type=\"section\">\n\t\t\t\t\t\t<div class=\"elementor-container elementor-column-gap-default\">\n\t\t\t\t\t<div class=\"elementor-column elementor-col-50 elementor-top-column elementor-element elementor-element-4c8b483\" data-id=\"4c8b483\" data-element_type=\"column\" data-e-type=\"column\">\n\t\t\t<div class=\"elementor-widget-wrap elementor-element-populated\">\n\t\t\t\t\t\t<div class=\"elementor-element elementor-element-f8f68d9 elementor-widget elementor-widget-text-editor\" data-id=\"f8f68d9\" data-element_type=\"widget\" data-e-type=\"widget\" data-widget_type=\"text-editor.default\">\n\t\t\t\t<div class=\"elementor-widget-container\">\n\t\t\t\t\t\t\t\t\t<h3>DIETA GERAL<\/h3><p>Dieta sem modifica\u00e7\u00f5es nutricionais espec\u00edficas e em consist\u00eancia. Liberado qualquer tipo de alimento, sem restri\u00e7\u00e3o. Tem como objetivo fornecer uma quantidade ideal de calorias e nutrientes, sendo completa, harm\u00f4nica e adequada nutricionalmente.<\/p><p>Indica\u00e7\u00e3o:<\/p><p>Pacientes com o trato gastrintestinal funcionante, sem necessidade de restri\u00e7\u00f5es diet\u00e9ticas.<\/p><p>Composi\u00e7\u00e3o:<\/p><ul><li>Arroz;<\/li><li>Prato principal (ex: carne);<\/li><li>Guarni\u00e7\u00e3o (ex: escarola);<\/li><li>Salada;<\/li><li>Suco;<\/li><li>Sobremesa;<\/li><li>Feij\u00e3o (no almo\u00e7o);<\/li><li>Sopa (no jantar).<\/li><\/ul>\t\t\t\t\t\t\t\t<\/div>\n\t\t\t\t<\/div>\n\t\t\t\t\t<\/div>\n\t\t<\/div>\n\t\t\t\t<div class=\"elementor-column elementor-col-50 elementor-top-column elementor-element elementor-element-2939853\" data-id=\"2939853\" data-element_type=\"column\" data-e-type=\"column\">\n\t\t\t<div class=\"elementor-widget-wrap elementor-element-populated\">\n\t\t\t\t\t\t<div class=\"elementor-element elementor-element-301519c elementor-widget elementor-widget-image\" data-id=\"301519c\" data-element_type=\"widget\" data-e-type=\"widget\" data-widget_type=\"image.default\">\n\t\t\t\t<div class=\"elementor-widget-container\">\n\t\t\t\t\t\t\t\t\t\t\t\t\t\t\t<img fetchpriority=\"high\" decoding=\"async\" width=\"500\" height=\"500\" src=\"https:\/\/clinicakodama.com.br\/novo\/wp-content\/uploads\/2023\/02\/dietas.jpg\" class=\"attachment-large size-large wp-image-199\" alt=\"\" srcset=\"https:\/\/clinicakodama.com.br\/novo\/wp-content\/uploads\/2023\/02\/dietas.jpg 500w, https:\/\/clinicakodama.com.br\/novo\/wp-content\/uploads\/2023\/02\/dietas-300x300.jpg 300w, https:\/\/clinicakodama.com.br\/novo\/wp-content\/uploads\/2023\/02\/dietas-150x150.jpg 150w, https:\/\/clinicakodama.com.br\/novo\/wp-content\/uploads\/2023\/02\/elementor\/thumbs\/dietas-q2ai8awbjs2zqqqslf6wa5iny5v5vu5doeldgx9fww.jpg 200w\" sizes=\"(max-width: 500px) 100vw, 500px\" \/>\t\t\t\t\t\t\t\t\t\t\t\t\t\t\t<\/div>\n\t\t\t\t<\/div>\n\t\t\t\t\t<\/div>\n\t\t<\/div>\n\t\t\t\t\t<\/div>\n\t\t<\/section>\n\t\t\t\t<section class=\"elementor-section elementor-top-section elementor-element elementor-element-57b9505 elementor-section-boxed elementor-section-height-default elementor-section-height-default\" data-id=\"57b9505\" data-element_type=\"section\" data-e-type=\"section\">\n\t\t\t\t\t\t<div class=\"elementor-container elementor-column-gap-default\">\n\t\t\t\t\t<div class=\"elementor-column elementor-col-100 elementor-top-column elementor-element elementor-element-d24686e\" data-id=\"d24686e\" data-element_type=\"column\" data-e-type=\"column\">\n\t\t\t<div class=\"elementor-widget-wrap elementor-element-populated\">\n\t\t\t\t\t\t<div class=\"elementor-element elementor-element-7bfa9e5 elementor-widget elementor-widget-text-editor\" data-id=\"7bfa9e5\" data-element_type=\"widget\" data-e-type=\"widget\" data-widget_type=\"text-editor.default\">\n\t\t\t\t<div class=\"elementor-widget-container\">\n\t\t\t\t\t\t\t\t\t<h3>DIETA BRANDA<\/h3><p>Dieta de consist\u00eancia abrandada atrav\u00e9s da coc\u00e7\u00e3o e subdivis\u00f5es, facilitando a digest\u00e3o e a mastiga\u00e7\u00e3o. Utilizada como transi\u00e7\u00e3o para a Dieta Geral.<\/p><p>Indica\u00e7\u00e3o:<\/p><p>Pacientes com problemas de digest\u00e3o e mastiga\u00e7\u00e3o e p\u00f3s-operat\u00f3rio de cirurgias de pequeno porte.<\/p><p>Composi\u00e7\u00e3o:<\/p><p>Semelhante \u00e0 Dieta Geral, por\u00e9m com saladas, sobremesas cozidas e somente caldo de feij\u00e3o.<\/p><h3>DIETA PASTOSA<\/h3><p>Dieta constitu\u00edda de alimentos que sofreram a\u00e7\u00e3o mec\u00e2nica como liquidifica\u00e7\u00e3o e subdivis\u00e3o. Compreende alimentos l\u00edquidos, pastosos e com peda\u00e7os macios.<\/p><p>Indica\u00e7\u00e3o:<\/p><p>Pacientes com dificuldade de mastiga\u00e7\u00e3o, degluti\u00e7\u00e3o e\/ou digest\u00e3o dos alimentos, p\u00f3s-operat\u00f3rio de cirurgia de cabe\u00e7a e pesco\u00e7o, denti\u00e7\u00e3o incompleta e problemas neurol\u00f3gicos.<\/p><p>Composi\u00e7\u00e3o:<\/p><ul><li>Arroz;<\/li><li>Prato principal (ex: carne mo\u00edda);<\/li><li>Guarni\u00e7\u00e3o (ex: escarola em pur\u00ea);<\/li><li>Suco;<\/li><li>Sobremesa;<\/li><li>Caldo de feij\u00e3o engrossado (no almo\u00e7o);<\/li><li>Sopa (no jantar).<\/li><li>Obs: Sem salada.<\/li><\/ul><h3>DIETA PASTOSA BATIDA<\/h3><p>Dieta constitu\u00edda de alimentos liquidificados, servidos na forma de papas, cremes e pur\u00eas, por\u00e9m sem oferta de l\u00edquidos ralos.<\/p><p>Indica\u00e7\u00e3o:<\/p><p>Pacientes com disfalgia, dificuldade de mastiga\u00e7\u00e3o, degluti\u00e7\u00e3o e\/ou digest\u00e3o dos alimentos, p\u00f3s-operat\u00f3rio de cabe\u00e7a e pesco\u00e7o, denti\u00e7\u00e3o incompleta e problemas neurol\u00f3gicos. Utilizada tamb\u00e9m como transi\u00e7\u00e3o nos casos p\u00f3s-cir\u00fargicos.<\/p><p>Composi\u00e7\u00e3o:<\/p><p>Semelhante \u00e0 Dieta Pastosa, por\u00e9m as prepara\u00e7\u00f5es s\u00e3o liquidificadas.<br \/>Obs: Sem l\u00edquidos.<\/p><h3>DIETA LEVE<\/h3><p>Dieta de consist\u00eancia semil\u00edquida, constitu\u00edda de alimentos cozidos, em forma de pur\u00eas ou sopas batidas. Tem por objetivo promover o m\u00ednimo trabalho do trato digestivo e facilitar a mastiga\u00e7\u00e3o. Serve como transi\u00e7\u00e3o para a dieta branda ou geral e deve ser utilizada por curtos per\u00edodos.<\/p><p>Indica\u00e7\u00e3o:<\/p><p>Pacientes com fun\u00e7\u00e3o gastrintestinal moderadamente alterada, exames pr\u00e9 e p\u00f3s-operat\u00f3rios e problemas mec\u00e2nicos de mastiga\u00e7\u00e3o.<\/p><p>Composi\u00e7\u00e3o:<\/p><ul><li>Guarni\u00e7\u00e3o (ex: pur\u00ea);<\/li><li>Sopa ou caldo de feij\u00e3o;<\/li><li>Suco;<\/li><li>Sobremesa;<\/li><\/ul><h3>DIETA L\u00cdQUIDA<\/h3><p>Dieta constitu\u00edda de alimentos e prepara\u00e7\u00f5es de consist\u00eancia l\u00edquida e\/ou que se liquefazem na boca. Exige o m\u00ednimo trabalho do sistema digestivo, \u00e9 de r\u00e1pida absor\u00e7\u00e3o e tem baixo teor cal\u00f3rico.<\/p><p>Indica\u00e7\u00e3o:<\/p><p>Para pacientes que necessitam de m\u00ednimo trabalho e esfor\u00e7o para ingest\u00e3o e digest\u00e3o dos alimentos, tenham dificuldade de mastiga\u00e7\u00e3o e degluti\u00e7\u00e3o e mucosites severas.<\/p><p>Composi\u00e7\u00e3o:<\/p><ul><li>Caldo ou sopa batida e coada;<\/li><li>Gelatina;<\/li><li>Suco;<\/li><\/ul><h3>DIETA A CRIT\u00c9RIO DO NUTRICIONISTA<\/h3><p>Dieta prescrita pelo nutricionista conforme aceita\u00e7\u00e3o e toler\u00e2ncia do paciente, nos quais fatores fisiopatol\u00f3gicos n\u00e3o s\u00e3o relevantes na conduta dietoter\u00e1pica.<\/p><p>Indica\u00e7\u00e3o:<\/p><p>Pacientes sem restri\u00e7\u00f5es espec\u00edficas de acordo com patologia base.<\/p><table id=\"diet\"><tbody><tr><th colspan=\"3\">Outras Dietas<\/th><\/tr><tr><th>Varia\u00e7\u00e3o<\/th><th>Composi\u00e7\u00e3o<\/th><th>Indica\u00e7\u00e3o<\/th><\/tr><tr><td>Sem res\u00edduos<\/td><td>Exclus\u00e3o de alimentos com alto teor de fibras insol\u00faveis, gordura, carnes com denso tecido conectivo e lactose \/ teor reduzido de sacarose.<\/td><td>Pacientes com diarr\u00e9ia, distens\u00e3o abdominal, necessidade de redu\u00e7\u00e3o do peristaltismo intestinal, preparo de exames e cirurgias e\/ou transi\u00e7\u00e3o nos casos p\u00f3s-cir\u00fargicos.<\/td><\/tr><tr><td>Hipofermentativa<\/td><td>Pobre em alimentos formadores de gases \/ exclus\u00e3o de alimentos com alto teor de fibras insol\u00faveis, gorduras, carnes com denso tecido conectivo e lactose \/ exclus\u00e3o de sacarose.<\/td><td>Pacientes com flatul\u00eancia, distens\u00e3o abdominal, suboclus\u00e3o intestinal, ostomizados e cir\u00fargicos.<\/td><\/tr><tr><td>Hiposs\u00f3dica<\/td><td>Exclus\u00e3o do sal das prepara\u00e7\u00f5es \/ adi\u00e7\u00e3o de 1g de sal no almo\u00e7o e no jantar.<\/td><td>Pacientes com hipertens\u00e3o arterial, problemas card\u00edacos, edema, insufici\u00eancia renal, ascite e uso prolongado de cortic\u00f3ides.<\/td><\/tr><tr><td>Para DM (diabetes mellitus)<\/td><td>Substitui\u00e7\u00e3o da sacarose por ado\u00e7antes artificiais e controle de carboidratos \/ acr\u00e9scimo de alimentos fonte de fibras (verduras, legumes e frutas)<\/td><td>Paciente com diabetes mellitus ou que necessitem de um controle da hiperglicemia.<\/td><\/tr><tr><td>Hiper Hiper (hipercal\u00f3rica e hiperproteica)<\/td><td>Acr\u00e9scimo de calorias e prote\u00ednas atrav\u00e9s do aumento de quantidade das prepara\u00e7\u00f5es ou oferta de alimentos altamente cal\u00f3ricos\/proteicos.<\/td><td>Pacientes com necessidades energ\u00e9tico-proteicas aumentadas (paciente sob estresse) e que a oferta da dieta padr\u00e3o n\u00e3o \u00e9 suficiente.<\/td><\/tr><tr><td>Hipoproteica<\/td><td>Redu\u00e7\u00e3o de alimentos proteicos<\/td><td>Pacientes com insufici\u00eancia renal n\u00e3o dial\u00edticos.<\/td><\/tr><tr><td>Laxativa<\/td><td>Acr\u00e9scimo de alimentos fonte de fibra insol\u00favel e sol\u00favel (verduras, legumes e frutas) que estimulem o funcionamento do trato digestivo.<\/td><td>Pacientes com constipa\u00e7\u00e3o intestinal.<\/td><\/tr><tr><td>Hipogordurosa<\/td><td>Redu\u00e7\u00e3o de alimentos com alto teor de gordura.<\/td><td>Pacientes com dist\u00farbios hep\u00e1ticos, pancre\u00e1ticos ou de ves\u00edcula biliar, pacientes card\u00edacos, casos de m\u00e1 absor\u00e7\u00e3o e p\u00f3s-operat\u00f3rio de cirurgia gastrintestinal.<\/td><\/tr><tr><td>Para encefalopatia hep\u00e1tica<\/td><td>Exclus\u00e3o de alimentos fonte de amino\u00e1cidos arom\u00e1ticos (prote\u00edna de origem animal).<\/td><td>Pacientes com encefalopatia hep\u00e1tica.<\/td><\/tr><\/tbody><\/table>\t\t\t\t\t\t\t\t<\/div>\n\t\t\t\t<\/div>\n\t\t\t\t\t<\/div>\n\t\t<\/div>\n\t\t\t\t\t<\/div>\n\t\t<\/section>\n\t\t\t\t<section class=\"elementor-section elementor-top-section elementor-element elementor-element-19f2806 elementor-section-boxed elementor-section-height-default elementor-section-height-default\" data-id=\"19f2806\" data-element_type=\"section\" data-e-type=\"section\" data-settings=\"{&quot;background_background&quot;:&quot;classic&quot;}\">\n\t\t\t\t\t\t<div class=\"elementor-container elementor-column-gap-default\">\n\t\t\t\t\t<div class=\"elementor-column elementor-col-33 elementor-top-column elementor-element elementor-element-643e853\" data-id=\"643e853\" data-element_type=\"column\" data-e-type=\"column\">\n\t\t\t<div class=\"elementor-widget-wrap elementor-element-populated\">\n\t\t\t\t\t\t<div class=\"elementor-element elementor-element-581b5c4 elementor-widget elementor-widget-heading\" data-id=\"581b5c4\" data-element_type=\"widget\" data-e-type=\"widget\" data-widget_type=\"heading.default\">\n\t\t\t\t<div class=\"elementor-widget-container\">\n\t\t\t\t\t<h2 class=\"elementor-heading-title elementor-size-default\">Consulte sempre um Especialista<\/h2>\t\t\t\t<\/div>\n\t\t\t\t<\/div>\n\t\t\t\t\t<\/div>\n\t\t<\/div>\n\t\t\t\t<div class=\"elementor-column elementor-col-33 elementor-top-column elementor-element elementor-element-0a3f1e6\" data-id=\"0a3f1e6\" data-element_type=\"column\" data-e-type=\"column\">\n\t\t\t<div class=\"elementor-widget-wrap elementor-element-populated\">\n\t\t\t\t\t\t<div class=\"elementor-element elementor-element-b3c83bc elementor-widget elementor-widget-image\" data-id=\"b3c83bc\" data-element_type=\"widget\" data-e-type=\"widget\" data-widget_type=\"image.default\">\n\t\t\t\t<div class=\"elementor-widget-container\">\n\t\t\t\t\t\t\t\t\t\t\t\t\t\t\t<img decoding=\"async\" width=\"238\" height=\"180\" src=\"https:\/\/clinicakodama.com.br\/novo\/wp-content\/uploads\/2023\/02\/consulte_especialista3.gif\" class=\"attachment-large size-large wp-image-570\" alt=\"\" \/>\t\t\t\t\t\t\t\t\t\t\t\t\t\t\t<\/div>\n\t\t\t\t<\/div>\n\t\t\t\t\t<\/div>\n\t\t<\/div>\n\t\t\t\t<div class=\"elementor-column elementor-col-33 elementor-top-column elementor-element elementor-element-5d70a9c\" data-id=\"5d70a9c\" data-element_type=\"column\" data-e-type=\"column\">\n\t\t\t<div class=\"elementor-widget-wrap elementor-element-populated\">\n\t\t\t\t\t\t<div class=\"elementor-element elementor-element-cf4f604 elementor-align-right elementor-widget elementor-widget-button\" data-id=\"cf4f604\" data-element_type=\"widget\" data-e-type=\"widget\" data-widget_type=\"button.default\">\n\t\t\t\t<div class=\"elementor-widget-container\">\n\t\t\t\t\t\t\t\t\t<div class=\"elementor-button-wrapper\">\n\t\t\t\t\t<a class=\"elementor-button elementor-button-link elementor-size-lg\" href=\"https:\/\/clinicakodama.com.br\/novo\/contato\/\">\n\t\t\t\t\t\t<span class=\"elementor-button-content-wrapper\">\n\t\t\t\t\t\t\t\t\t<span class=\"elementor-button-text\">Agendar consulta<\/span>\n\t\t\t\t\t<\/span>\n\t\t\t\t\t<\/a>\n\t\t\t\t<\/div>\n\t\t\t\t\t\t\t\t<\/div>\n\t\t\t\t<\/div>\n\t\t\t\t\t<\/div>\n\t\t<\/div>\n\t\t\t\t\t<\/div>\n\t\t<\/section>\n\t\t\t\t<\/div>\n\t\t","protected":false},"excerpt":{"rendered":"<p>\u00bb Doen\u00e7as Atendidas Dietas DIETA GERAL Dieta sem modifica\u00e7\u00f5es nutricionais espec\u00edficas e em consist\u00eancia. Liberado qualquer tipo de alimento, sem restri\u00e7\u00e3o. Tem como objetivo fornecer uma quantidade ideal de calorias e nutrientes, sendo completa, harm\u00f4nica e adequada nutricionalmente. Indica\u00e7\u00e3o: Pacientes com o trato gastrintestinal funcionante, sem necessidade de restri\u00e7\u00f5es diet\u00e9ticas. Composi\u00e7\u00e3o: Arroz; Prato principal (ex: [&hellip;]<\/p>\n","protected":false},"author":1,"featured_media":0,"parent":19,"menu_order":0,"comment_status":"closed","ping_status":"closed","template":"","meta":{"footnotes":""},"class_list":["post-197","page","type-page","status-publish","hentry"],"_links":{"self":[{"href":"https:\/\/clinicakodama.com.br\/novo\/wp-json\/wp\/v2\/pages\/197","targetHints":{"allow":["GET"]}}],"collection":[{"href":"https:\/\/clinicakodama.com.br\/novo\/wp-json\/wp\/v2\/pages"}],"about":[{"href":"https:\/\/clinicakodama.com.br\/novo\/wp-json\/wp\/v2\/types\/page"}],"author":[{"embeddable":true,"href":"https:\/\/clinicakodama.com.br\/novo\/wp-json\/wp\/v2\/users\/1"}],"replies":[{"embeddable":true,"href":"https:\/\/clinicakodama.com.br\/novo\/wp-json\/wp\/v2\/comments?post=197"}],"version-history":[{"count":13,"href":"https:\/\/clinicakodama.com.br\/novo\/wp-json\/wp\/v2\/pages\/197\/revisions"}],"predecessor-version":[{"id":893,"href":"https:\/\/clinicakodama.com.br\/novo\/wp-json\/wp\/v2\/pages\/197\/revisions\/893"}],"up":[{"embeddable":true,"href":"https:\/\/clinicakodama.com.br\/novo\/wp-json\/wp\/v2\/pages\/19"}],"wp:attachment":[{"href":"https:\/\/clinicakodama.com.br\/novo\/wp-json\/wp\/v2\/media?parent=197"}],"curies":[{"name":"wp","href":"https:\/\/api.w.org\/{rel}","templated":true}]}}